{"id":2,"date":"2021-10-10T00:32:30","date_gmt":"2021-10-09T22:32:30","guid":{"rendered":"http:\/\/arthak.rs\/?page_id=2"},"modified":"2025-05-31T19:08:34","modified_gmt":"2025-05-31T19:08:34","slug":"home","status":"publish","type":"page","link":"https:\/\/arthak.rs\/?page_id=2","title":{"rendered":"O kompaniji Arthak d.o.o"},"content":{"rendered":"\n<p><strong>Arthak d.o.o.<\/strong> je osnovan u julu 2020. godine, sa ciljem saradnje sa na\u0161im internim klijentima, uklju\u010duju\u0107i \u0161vajcarski startap \u201ePeople Analytix\u201c i nema\u010dki startap \u201ePassion.io\u201c.<\/p>\n\n\n\n<p>Arthak d.o.o. je tako\u0111e razvio sopstvene proizvode:<\/p>\n\n\n\n<ul class=\"wp-block-list\">\n<li><a href=\"https:\/\/mauking.com\">Mau King &#8211; Mau Mau Balkan <\/a>&#8211; Najbolja mobilna aplikacija za igranje popularne karta\u0161ke igre Mau Mau online sa drugim igra\u010dima. Uklju\u010duje verzije za iOS i Android i na\u0161 je najkomercijalniji proizvod.<\/li>\n\n\n\n<li><a href=\"https:\/\/srpsko-hrvatski.com\">Srpsko-hrvatski<\/a> &#8211; Vlasni\u010dki softver za prevo\u0111enje tekstova izme\u0111u doma\u0107ih dijalekata srpsko-hrvatskog jezika. Mo\u017ee prevoditi ekavski\/jekavski, \u0107irilicu\/latinicu, srpski\/hrvatski, i ima ograni\u010denu mogu\u0107nost transkripcije li\u010dnih imena iz stranih jezika na srpski.<\/li>\n<\/ul>\n","protected":false},"excerpt":{"rendered":"<p>Arthak d.o.o. je osnovan u julu 2020. godine, sa ciljem saradnje sa na\u0161im internim klijentima, uklju\u010duju\u0107i \u0161vajcarski startap \u201ePeople Analytix\u201c i nema\u010dki startap \u201ePassion.io\u201c. Arthak d.o.o. je tako\u0111e razvio sopstvene proizvode:<\/p>\n","protected":false},"author":1,"featured_media":0,"parent":0,"menu_order":0,"comment_status":"closed","ping_status":"closed","template":"","meta":{"footnotes":""},"class_list":["post-2","page","type-page","status-publish","hentry"],"_links":{"self":[{"href":"https:\/\/arthak.rs\/index.php?rest_route=\/wp\/v2\/pages\/2","targetHints":{"allow":["GET"]}}],"collection":[{"href":"https:\/\/arthak.rs\/index.php?rest_route=\/wp\/v2\/pages"}],"about":[{"href":"https:\/\/arthak.rs\/index.php?rest_route=\/wp\/v2\/types\/page"}],"author":[{"embeddable":true,"href":"https:\/\/arthak.rs\/index.php?rest_route=\/wp\/v2\/users\/1"}],"replies":[{"embeddable":true,"href":"https:\/\/arthak.rs\/index.php?rest_route=%2Fwp%2Fv2%2Fcomments&post=2"}],"version-history":[{"count":1,"href":"https:\/\/arthak.rs\/index.php?rest_route=\/wp\/v2\/pages\/2\/revisions"}],"predecessor-version":[{"id":173,"href":"https:\/\/arthak.rs\/index.php?rest_route=\/wp\/v2\/pages\/2\/revisions\/173"}],"wp:attachment":[{"href":"https:\/\/arthak.rs\/index.php?rest_route=%2Fwp%2Fv2%2Fmedia&parent=2"}],"curies":[{"name":"wp","href":"https:\/\/api.w.org\/{rel}","templated":true}]}}